{"id":222,"date":"2023-01-06T14:43:44","date_gmt":"2023-01-06T14:43:44","guid":{"rendered":"https:\/\/stephaneian.com\/?page_id=222"},"modified":"2023-05-16T15:21:03","modified_gmt":"2023-05-16T15:21:03","slug":"story","status":"publish","type":"page","link":"https:\/\/stephaneian.com\/fr\/story\/","title":{"rendered":"Notre histoire"},"content":{"rendered":"<!--themify_builder_content-->\n<div id=\"themify_builder_content-222\" data-postid=\"222\" class=\"themify_builder_content themify_builder_content-222 themify_builder tf_clear\">\n    \t\t\t<!-- module_row -->\n\t<div  data-lazy=\"1\" class=\"module_row themify_builder_row tb_y76b908 tb_first tf_w tf_clearfix\">\n\t    \t\t\t<div class=\"row_inner col_align_top tb_col_count_1 tf_box tf_rel\">\n\t\t            <div  data-lazy=\"1\" class=\"module_column tb-column col-full tb_qn0d908 first\">\n                                                        <div class=\"tb-column-inner tf_box tf_w\">\n                        <!-- module timeline -->\n<div  id=\"tb_m2lu770\" class=\"module tf_hidden tf_lazy module-timeline tb_m2lu770 layout-list\" data-lazy=\"1\">\n    <ul class=\"tf_rel\">\n\t\t\t<li id=\"timeline-246\" class=\"timeline-post without-icon\">\n\t\t\t<span class=\"module-timeline-date tf_box tf_textr\">\n\t\t\t\tao\u00fbt 1, 2013\t\t\t<\/span>\n\t\t\t    \t\t\t\t    <div class=\"module-timeline-dot\"><\/div>\n\t\t\t    \t\t\t<div class=\"module-timeline-content-wrap tf_box tf_right\">\n\t\t\t\t<div class=\"module-timeline-content\">\n\t\t\t\t    \t\t\t\t\t\t<h2 class=\"module-timeline-title\">    \n\t\t\t\t\t\t\t\t\t\t\t\t\t\t\t<a href=\"https:\/\/stephaneian.com\/fr\/our-story\/stephane-moves-into-verve\/\">St\u00e9phane emm\u00e9nage \u00e0 Verve<\/a>\n\t\t\t\t\t\t\t\t\t\t\t\t\t<\/h2>\n\t\t\t\t    \t\t\t\t    \t\t\t\t\t    <figure class=\"module-timeline-image\">\n\t\t\t\t\t\t\t<img src=\"https:\/\/stephaneian.com\/wp-content\/uploads\/2013\/08\/1_Verve_BW-1024x576-150x84.jpg\" alt=\"St\u00e9phane Moves Into Verve\">\t\t\t\t\t    <\/figure>\n\t\t\t\t    \t\t\t\t    \t\t\t\t<\/div><!-- \/.timeline-content -->\n\t\t\t<\/div><!-- \/.timeline-content-wrap -->\n\t\t<\/li>\n\t\t\t<li id=\"timeline-247\" class=\"timeline-post without-icon\">\n\t\t\t<span class=\"module-timeline-date tf_box tf_textr\">\n\t\t\t\tavril 30, 2014\t\t\t<\/span>\n\t\t\t    \t\t\t\t    <div class=\"module-timeline-dot\"><\/div>\n\t\t\t    \t\t\t<div class=\"module-timeline-content-wrap tf_box tf_right\">\n\t\t\t\t<div class=\"module-timeline-content\">\n\t\t\t\t    \t\t\t\t\t\t<h2 class=\"module-timeline-title\">    \n\t\t\t\t\t\t\t\t\t\t\t\t\t\t\t<a href=\"https:\/\/stephaneian.com\/fr\/our-story\/stephane-starts-work-at-sportsnet\/\">Il y a un nouveau gars \u00e0 Sportsnet<\/a>\n\t\t\t\t\t\t\t\t\t\t\t\t\t<\/h2>\n\t\t\t\t    \t\t\t\t    \t\t\t\t\t    <figure class=\"module-timeline-image\">\n\t\t\t\t\t\t\t<img src=\"https:\/\/stephaneian.com\/wp-content\/uploads\/2014\/04\/2_Sportsnet_BW-1024x576-150x84.jpg\" alt=\"The Call: There&#8217;s a New Op at Sportsnet\">\t\t\t\t\t    <\/figure>\n\t\t\t\t    \t\t\t\t    \t\t\t\t<\/div><!-- \/.timeline-content -->\n\t\t\t<\/div><!-- \/.timeline-content-wrap -->\n\t\t<\/li>\n\t\t\t<li id=\"timeline-248\" class=\"timeline-post without-icon\">\n\t\t\t<span class=\"module-timeline-date tf_box tf_textr\">\n\t\t\t\tmai 15, 2015\t\t\t<\/span>\n\t\t\t    \t\t\t\t    <div class=\"module-timeline-dot\"><\/div>\n\t\t\t    \t\t\t<div class=\"module-timeline-content-wrap tf_box tf_right\">\n\t\t\t\t<div class=\"module-timeline-content\">\n\t\t\t\t    \t\t\t\t\t\t<h2 class=\"module-timeline-title\">    \n\t\t\t\t\t\t\t\t\t\t\t\t\t\t\t<a href=\"https:\/\/stephaneian.com\/fr\/our-story\/ian-posts-about-pool-in-verve-facebook-group\/\">Le groupe de Verve sur Facebook<\/a>\n\t\t\t\t\t\t\t\t\t\t\t\t\t<\/h2>\n\t\t\t\t    \t\t\t\t    \t\t\t\t\t    <figure class=\"module-timeline-image\">\n\t\t\t\t\t\t\t<img src=\"https:\/\/stephaneian.com\/wp-content\/uploads\/2015\/05\/3_Facebook_BW-1024x576-150x84.jpg\" alt=\"Ian Posts About Pool in Verve Facebook Group\">\t\t\t\t\t    <\/figure>\n\t\t\t\t    \t\t\t\t    \t\t\t\t<\/div><!-- \/.timeline-content -->\n\t\t\t<\/div><!-- \/.timeline-content-wrap -->\n\t\t<\/li>\n\t\t\t<li id=\"timeline-249\" class=\"timeline-post without-icon\">\n\t\t\t<span class=\"module-timeline-date tf_box tf_textr\">\n\t\t\t\tmai 20, 2015\t\t\t<\/span>\n\t\t\t    \t\t\t\t    <div class=\"module-timeline-dot\"><\/div>\n\t\t\t    \t\t\t<div class=\"module-timeline-content-wrap tf_box tf_right\">\n\t\t\t\t<div class=\"module-timeline-content\">\n\t\t\t\t    \t\t\t\t\t\t<h2 class=\"module-timeline-title\">    \n\t\t\t\t\t\t\t\t\t\t\t\t\t\t\t<a href=\"https:\/\/stephaneian.com\/fr\/our-story\/the-first-date\/\">La premi\u00e8re date<\/a>\n\t\t\t\t\t\t\t\t\t\t\t\t\t<\/h2>\n\t\t\t\t    \t\t\t\t    \t\t\t\t\t    <figure class=\"module-timeline-image\">\n\t\t\t\t\t\t\t<img src=\"https:\/\/stephaneian.com\/wp-content\/uploads\/2015\/05\/4_FirstDate_BW-1024x576-150x84.jpg\" alt=\"The First Date\">\t\t\t\t\t    <\/figure>\n\t\t\t\t    \t\t\t\t    \t\t\t\t<\/div><!-- \/.timeline-content -->\n\t\t\t<\/div><!-- \/.timeline-content-wrap -->\n\t\t<\/li>\n\t\t\t<li id=\"timeline-250\" class=\"timeline-post without-icon\">\n\t\t\t<span class=\"module-timeline-date tf_box tf_textr\">\n\t\t\t\tmai 25, 2015\t\t\t<\/span>\n\t\t\t    \t\t\t\t    <div class=\"module-timeline-dot\"><\/div>\n\t\t\t    \t\t\t<div class=\"module-timeline-content-wrap tf_box tf_right\">\n\t\t\t\t<div class=\"module-timeline-content\">\n\t\t\t\t    \t\t\t\t\t\t<h2 class=\"module-timeline-title\">    \n\t\t\t\t\t\t\t\t\t\t\t\t\t\t\t<a href=\"https:\/\/stephaneian.com\/fr\/our-story\/stephane-needs-to-dry-his-hair\/\">St\u00e9phane a besoin de se faire s\u00e9cher les cheveux<\/a>\n\t\t\t\t\t\t\t\t\t\t\t\t\t<\/h2>\n\t\t\t\t    \t\t\t\t    \t\t\t\t\t    <figure class=\"module-timeline-image\">\n\t\t\t\t\t\t\t<img src=\"https:\/\/stephaneian.com\/wp-content\/uploads\/2015\/05\/5_Hair_BW-1024x576-150x84.jpg\" alt=\"St\u00e9phane Needs To Dry His Hair\">\t\t\t\t\t    <\/figure>\n\t\t\t\t    \t\t\t\t    \t\t\t\t<\/div><!-- \/.timeline-content -->\n\t\t\t<\/div><!-- \/.timeline-content-wrap -->\n\t\t<\/li>\n\t\t\t<li id=\"timeline-251\" class=\"timeline-post without-icon\">\n\t\t\t<span class=\"module-timeline-date tf_box tf_textr\">\n\t\t\t\tjanvier 6, 2016\t\t\t<\/span>\n\t\t\t    \t\t\t\t    <div class=\"module-timeline-dot\"><\/div>\n\t\t\t    \t\t\t<div class=\"module-timeline-content-wrap tf_box tf_right\">\n\t\t\t\t<div class=\"module-timeline-content\">\n\t\t\t\t    \t\t\t\t\t\t<h2 class=\"module-timeline-title\">    \n\t\t\t\t\t\t\t\t\t\t\t\t\t\t\t<a href=\"https:\/\/stephaneian.com\/fr\/our-story\/were-just-friends\/\">Nous sommes juste des amis<\/a>\n\t\t\t\t\t\t\t\t\t\t\t\t\t<\/h2>\n\t\t\t\t    \t\t\t\t    \t\t\t\t\t    <figure class=\"module-timeline-image\">\n\t\t\t\t\t\t\t<img src=\"https:\/\/stephaneian.com\/wp-content\/uploads\/2016\/01\/6_Friends_BW-1024x576-150x84.jpg\" alt=\"We&#8217;re Just Friends\">\t\t\t\t\t    <\/figure>\n\t\t\t\t    \t\t\t\t    \t\t\t\t<\/div><!-- \/.timeline-content -->\n\t\t\t<\/div><!-- \/.timeline-content-wrap -->\n\t\t<\/li>\n\t\t\t<li id=\"timeline-256\" class=\"timeline-post without-icon\">\n\t\t\t<span class=\"module-timeline-date tf_box tf_textr\">\n\t\t\t\tmars 15, 2018\t\t\t<\/span>\n\t\t\t    \t\t\t\t    <div class=\"module-timeline-dot\"><\/div>\n\t\t\t    \t\t\t<div class=\"module-timeline-content-wrap tf_box tf_right\">\n\t\t\t\t<div class=\"module-timeline-content\">\n\t\t\t\t    \t\t\t\t\t\t<h2 class=\"module-timeline-title\">    \n\t\t\t\t\t\t\t\t\t\t\t\t\t\t\t<a href=\"https:\/\/stephaneian.com\/fr\/our-story\/will-you-go-on-a-trip-with-me\/\">Viendrais-tu en voyage avec moi?<\/a>\n\t\t\t\t\t\t\t\t\t\t\t\t\t<\/h2>\n\t\t\t\t    \t\t\t\t    \t\t\t\t\t    <figure class=\"module-timeline-image\">\n\t\t\t\t\t\t\t<img src=\"https:\/\/stephaneian.com\/wp-content\/uploads\/2018\/03\/7_Trip_BW-1024x576-150x84.jpg\" alt=\"Will You Go On A Trip With Me?\">\t\t\t\t\t    <\/figure>\n\t\t\t\t    \t\t\t\t    \t\t\t\t<\/div><!-- \/.timeline-content -->\n\t\t\t<\/div><!-- \/.timeline-content-wrap -->\n\t\t<\/li>\n\t\t\t<li id=\"timeline-253\" class=\"timeline-post without-icon\">\n\t\t\t<span class=\"module-timeline-date tf_box tf_textr\">\n\t\t\t\tmai 13, 2018\t\t\t<\/span>\n\t\t\t    \t\t\t\t    <div class=\"module-timeline-dot\"><\/div>\n\t\t\t    \t\t\t<div class=\"module-timeline-content-wrap tf_box tf_right\">\n\t\t\t\t<div class=\"module-timeline-content\">\n\t\t\t\t    \t\t\t\t\t\t<h2 class=\"module-timeline-title\">    \n\t\t\t\t\t\t\t\t\t\t\t\t\t\t\t<a href=\"https:\/\/stephaneian.com\/fr\/our-story\/rita\/\">Rita<\/a>\n\t\t\t\t\t\t\t\t\t\t\t\t\t<\/h2>\n\t\t\t\t    \t\t\t\t    \t\t\t\t\t    <figure class=\"module-timeline-image\">\n\t\t\t\t\t\t\t<img src=\"https:\/\/stephaneian.com\/wp-content\/uploads\/2018\/05\/8_Rita_BW-1024x576-150x84.jpg\" alt=\"Rita\">\t\t\t\t\t    <\/figure>\n\t\t\t\t    \t\t\t\t    \t\t\t\t<\/div><!-- \/.timeline-content -->\n\t\t\t<\/div><!-- \/.timeline-content-wrap -->\n\t\t<\/li>\n\t\t\t<li id=\"timeline-252\" class=\"timeline-post without-icon\">\n\t\t\t<span class=\"module-timeline-date tf_box tf_textr\">\n\t\t\t\tjuin 23, 2018\t\t\t<\/span>\n\t\t\t    \t\t\t\t    <div class=\"module-timeline-dot\"><\/div>\n\t\t\t    \t\t\t<div class=\"module-timeline-content-wrap tf_box tf_right\">\n\t\t\t\t<div class=\"module-timeline-content\">\n\t\t\t\t    \t\t\t\t\t\t<h2 class=\"module-timeline-title\">    \n\t\t\t\t\t\t\t\t\t\t\t\t\t\t\t<a href=\"https:\/\/stephaneian.com\/fr\/our-story\/pride-2018\/\">Pride 2018<\/a>\n\t\t\t\t\t\t\t\t\t\t\t\t\t<\/h2>\n\t\t\t\t    \t\t\t\t    \t\t\t\t\t    <figure class=\"module-timeline-image\">\n\t\t\t\t\t\t\t<img src=\"https:\/\/stephaneian.com\/wp-content\/uploads\/2018\/06\/9_Pride_BW-1024x576-150x84.jpg\" alt=\"Pride 2018\">\t\t\t\t\t    <\/figure>\n\t\t\t\t    \t\t\t\t    \t\t\t\t<\/div><!-- \/.timeline-content -->\n\t\t\t<\/div><!-- \/.timeline-content-wrap -->\n\t\t<\/li>\n\t\t\t<li id=\"timeline-254\" class=\"timeline-post without-icon\">\n\t\t\t<span class=\"module-timeline-date tf_box tf_textr\">\n\t\t\t\tmai 15, 2019\t\t\t<\/span>\n\t\t\t    \t\t\t\t    <div class=\"module-timeline-dot\"><\/div>\n\t\t\t    \t\t\t<div class=\"module-timeline-content-wrap tf_box tf_right\">\n\t\t\t\t<div class=\"module-timeline-content\">\n\t\t\t\t    \t\t\t\t\t\t<h2 class=\"module-timeline-title\">    \n\t\t\t\t\t\t\t\t\t\t\t\t\t\t\t<a href=\"https:\/\/stephaneian.com\/fr\/our-story\/the-big-move\/\">Le grand d\u00e9m\u00e9nagement<\/a>\n\t\t\t\t\t\t\t\t\t\t\t\t\t<\/h2>\n\t\t\t\t    \t\t\t\t    \t\t\t\t\t    <figure class=\"module-timeline-image\">\n\t\t\t\t\t\t\t<img src=\"https:\/\/stephaneian.com\/wp-content\/uploads\/2019\/05\/10_Move_BW-1024x576-150x84.jpg\" alt=\"The Big Move\">\t\t\t\t\t    <\/figure>\n\t\t\t\t    \t\t\t\t    \t\t\t\t<\/div><!-- \/.timeline-content -->\n\t\t\t<\/div><!-- \/.timeline-content-wrap -->\n\t\t<\/li>\n\t\t\t<li id=\"timeline-255\" class=\"timeline-post without-icon\">\n\t\t\t<span class=\"module-timeline-date tf_box tf_textr\">\n\t\t\t\tavril 16, 2020\t\t\t<\/span>\n\t\t\t    \t\t\t\t    <div class=\"module-timeline-dot\"><\/div>\n\t\t\t    \t\t\t<div class=\"module-timeline-content-wrap tf_box tf_right\">\n\t\t\t\t<div class=\"module-timeline-content\">\n\t\t\t\t    \t\t\t\t\t\t<h2 class=\"module-timeline-title\">    \n\t\t\t\t\t\t\t\t\t\t\t\t\t\t\t<a href=\"https:\/\/stephaneian.com\/fr\/our-story\/rita-retreat\/\">Le repaire de Rita<\/a>\n\t\t\t\t\t\t\t\t\t\t\t\t\t<\/h2>\n\t\t\t\t    \t\t\t\t    \t\t\t\t\t    <figure class=\"module-timeline-image\">\n\t\t\t\t\t\t\t<img src=\"https:\/\/stephaneian.com\/wp-content\/uploads\/2020\/04\/11_Retreat_BW-1024x576-150x84.jpg\" alt=\"Rita Retreat\">\t\t\t\t\t    <\/figure>\n\t\t\t\t    \t\t\t\t    \t\t\t\t<\/div><!-- \/.timeline-content -->\n\t\t\t<\/div><!-- \/.timeline-content-wrap -->\n\t\t<\/li>\n\t\t\t<li id=\"timeline-234\" class=\"timeline-post without-icon\">\n\t\t\t<span class=\"module-timeline-date tf_box tf_textr\">\n\t\t\t\tmars 19, 2022\t\t\t<\/span>\n\t\t\t    \t\t\t\t    <div class=\"module-timeline-dot\"><\/div>\n\t\t\t    \t\t\t<div class=\"module-timeline-content-wrap tf_box tf_right\">\n\t\t\t\t<div class=\"module-timeline-content\">\n\t\t\t\t    \t\t\t\t\t\t<h2 class=\"module-timeline-title\">    \n\t\t\t\t\t\t\t\t\t\t\t\t\t\t\t<a href=\"https:\/\/stephaneian.com\/fr\/our-story\/we-got-engaged\/\">Les fian\u00e7ailles<\/a>\n\t\t\t\t\t\t\t\t\t\t\t\t\t<\/h2>\n\t\t\t\t    \t\t\t\t    \t\t\t\t\t    <figure class=\"module-timeline-image\">\n\t\t\t\t\t\t\t<img src=\"https:\/\/stephaneian.com\/wp-content\/uploads\/2022\/03\/12_Engaged_BW-1024x576-150x84.jpg\" alt=\"We Got Engaged!!\">\t\t\t\t\t    <\/figure>\n\t\t\t\t    \t\t\t\t    \t\t\t\t<\/div><!-- \/.timeline-content -->\n\t\t\t<\/div><!-- \/.timeline-content-wrap -->\n\t\t<\/li>\n\t\t\t<li id=\"timeline-257\" class=\"timeline-post without-icon\">\n\t\t\t<span class=\"module-timeline-date tf_box tf_textr\">\n\t\t\t\tjanvier 1, 2023\t\t\t<\/span>\n\t\t\t    \t\t\t\t    <div class=\"module-timeline-dot\"><\/div>\n\t\t\t    \t\t\t<div class=\"module-timeline-content-wrap tf_box tf_right\">\n\t\t\t\t<div class=\"module-timeline-content\">\n\t\t\t\t    \t\t\t\t\t\t<h2 class=\"module-timeline-title\">    \n\t\t\t\t\t\t\t\t\t\t\t\t\t\t\t<a href=\"https:\/\/stephaneian.com\/fr\/our-story\/were-getting-married\/\">We&#8217;re Getting Married!!<\/a>\n\t\t\t\t\t\t\t\t\t\t\t\t\t<\/h2>\n\t\t\t\t    \t\t\t\t    \t\t\t\t    \t\t\t\t<\/div><!-- \/.timeline-content -->\n\t\t\t<\/div><!-- \/.timeline-content-wrap -->\n\t\t<\/li>\n\t\t\t<li id=\"timeline-258\" class=\"timeline-post without-icon\">\n\t\t\t<span class=\"module-timeline-date tf_box tf_textr\">\n\t\t\t\tjanvier 6, 2023\t\t\t<\/span>\n\t\t\t    \t\t\t\t    <div class=\"module-timeline-dot\"><\/div>\n\t\t\t    \t\t\t<div class=\"module-timeline-content-wrap tf_box tf_right\">\n\t\t\t\t<div class=\"module-timeline-content\">\n\t\t\t\t    \t\t\t\t\t\t<h2 class=\"module-timeline-title\">    \n\t\t\t\t\t\t\t\t\t\t\t\t\t\t\t<a href=\"https:\/\/stephaneian.com\/fr\/our-story\/the-yet-to-come\/\">The Yet To Come&#8230;<\/a>\n\t\t\t\t\t\t\t\t\t\t\t\t\t<\/h2>\n\t\t\t\t    \t\t\t\t    \t\t\t\t    \t\t\t\t<\/div><!-- \/.timeline-content -->\n\t\t\t<\/div><!-- \/.timeline-content-wrap -->\n\t\t<\/li>\n\t<\/ul><\/div>\n<!-- \/module timeline -->                    <\/div>\n                            <\/div>\n            \t    <\/div>\n\t    <!-- \/row_inner -->\n\t<\/div>\n\t<!-- \/module_row -->\n\t<\/div>\n<!--\/themify_builder_content-->","protected":false},"excerpt":{"rendered":"<p>January 1, 2015 St\u00e9phane Moves Into Verve February 2, 2015 St\u00e9phane Starts Work at Sportsnet May 15, 2015 Ian Posts About Pool in Verve Facebook Group May 20, 2015 The First Date May 25, 2015 St\u00e9phane Needs To Dry His Hair January 6, 2016 We&#8217;re Just Friends March 15, 2018 Will You Go On A [&hellip;]<\/p>","protected":false},"author":1,"featured_media":0,"parent":0,"menu_order":0,"comment_status":"closed","ping_status":"closed","template":"","meta":[],"builder_content":"<ul> <li id=\"timeline-246\"> ao\u00fbt 1, 2013 <h2> <a href=\"https:\/\/stephaneian.com\/fr\/our-story\/stephane-moves-into-verve\/\">St\u00e9phane Moves Into Verve<\/a> <\/h2> <figure> <img src=\"https:\/\/stephaneian.com\/wp-content\/uploads\/2013\/08\/1_Verve_BW-1024x576-150x84.jpg\" alt=\"St\u00e9phane Moves Into Verve\"> <\/figure> <\/li> <li id=\"timeline-247\"> avril 30, 2014 <h2> <a href=\"https:\/\/stephaneian.com\/fr\/our-story\/stephane-starts-work-at-sportsnet\/\">The Call: There&#8217;s a New Op at Sportsnet<\/a> <\/h2> <figure> <img src=\"https:\/\/stephaneian.com\/wp-content\/uploads\/2014\/04\/2_Sportsnet_BW-1024x576-150x84.jpg\" alt=\"The Call: There&#8217;s a New Op at Sportsnet\"> <\/figure> <\/li> <li id=\"timeline-248\"> mai 15, 2015 <h2> <a href=\"https:\/\/stephaneian.com\/fr\/our-story\/ian-posts-about-pool-in-verve-facebook-group\/\">Ian Posts About Pool in Verve Facebook Group<\/a> <\/h2> <figure> <img src=\"https:\/\/stephaneian.com\/wp-content\/uploads\/2015\/05\/3_Facebook_BW-1024x576-150x84.jpg\" alt=\"Ian Posts About Pool in Verve Facebook Group\"> <\/figure> <\/li> <li id=\"timeline-249\"> mai 20, 2015 <h2> <a href=\"https:\/\/stephaneian.com\/fr\/our-story\/the-first-date\/\">The First Date<\/a> <\/h2> <figure> <img src=\"https:\/\/stephaneian.com\/wp-content\/uploads\/2015\/05\/4_FirstDate_BW-1024x576-150x84.jpg\" alt=\"The First Date\"> <\/figure> <\/li> <li id=\"timeline-250\"> mai 25, 2015 <h2> <a href=\"https:\/\/stephaneian.com\/fr\/our-story\/stephane-needs-to-dry-his-hair\/\">St\u00e9phane Needs To Dry His Hair<\/a> <\/h2> <figure> <img src=\"https:\/\/stephaneian.com\/wp-content\/uploads\/2015\/05\/5_Hair_BW-1024x576-150x84.jpg\" alt=\"St\u00e9phane Needs To Dry His Hair\"> <\/figure> <\/li> <li id=\"timeline-251\"> janvier 6, 2016 <h2> <a href=\"https:\/\/stephaneian.com\/fr\/our-story\/were-just-friends\/\">We&#8217;re Just Friends<\/a> <\/h2> <figure> <img src=\"https:\/\/stephaneian.com\/wp-content\/uploads\/2016\/01\/6_Friends_BW-1024x576-150x84.jpg\" alt=\"We&#8217;re Just Friends\"> <\/figure> <\/li> <li id=\"timeline-256\"> mars 15, 2018 <h2> <a href=\"https:\/\/stephaneian.com\/fr\/our-story\/will-you-go-on-a-trip-with-me\/\">Will You Go On A Trip With Me?<\/a> <\/h2> <figure> <img src=\"https:\/\/stephaneian.com\/wp-content\/uploads\/2018\/03\/7_Trip_BW-1024x576-150x84.jpg\" alt=\"Will You Go On A Trip With Me?\"> <\/figure> <\/li> <li id=\"timeline-253\"> mai 13, 2018 <h2> <a href=\"https:\/\/stephaneian.com\/fr\/our-story\/rita\/\">Rita<\/a> <\/h2> <figure> <img src=\"https:\/\/stephaneian.com\/wp-content\/uploads\/2018\/05\/8_Rita_BW-1024x576-150x84.jpg\" alt=\"Rita\"> <\/figure> <\/li> <li id=\"timeline-252\"> juin 23, 2018 <h2> <a href=\"https:\/\/stephaneian.com\/fr\/our-story\/pride-2018\/\">Pride 2018<\/a> <\/h2> <figure> <img src=\"https:\/\/stephaneian.com\/wp-content\/uploads\/2018\/06\/9_Pride_BW-1024x576-150x84.jpg\" alt=\"Pride 2018\"> <\/figure> <\/li> <li id=\"timeline-254\"> mai 15, 2019 <h2> <a href=\"https:\/\/stephaneian.com\/fr\/our-story\/the-big-move\/\">The Big Move<\/a> <\/h2> <figure> <img src=\"https:\/\/stephaneian.com\/wp-content\/uploads\/2019\/05\/10_Move_BW-1024x576-150x84.jpg\" alt=\"The Big Move\"> <\/figure> <\/li> <li id=\"timeline-255\"> avril 16, 2020 <h2> <a href=\"https:\/\/stephaneian.com\/fr\/our-story\/rita-retreat\/\">Rita Retreat<\/a> <\/h2> <figure> <img src=\"https:\/\/stephaneian.com\/wp-content\/uploads\/2020\/04\/11_Retreat_BW-1024x576-150x84.jpg\" alt=\"Rita Retreat\"> <\/figure> <\/li> <li id=\"timeline-234\"> mars 19, 2022 <h2> <a href=\"https:\/\/stephaneian.com\/fr\/our-story\/we-got-engaged\/\">We Got Engaged!!<\/a> <\/h2> <figure> <img src=\"https:\/\/stephaneian.com\/wp-content\/uploads\/2022\/03\/12_Engaged_BW-1024x576-150x84.jpg\" alt=\"We Got Engaged!!\"> <\/figure> <\/li> <li id=\"timeline-257\"> janvier 1, 2023 <h2> <a href=\"https:\/\/stephaneian.com\/fr\/our-story\/were-getting-married\/\">We&#8217;re Getting Married!!<\/a> <\/h2> <\/li> <li id=\"timeline-258\"> janvier 6, 2023 <h2> <a href=\"https:\/\/stephaneian.com\/fr\/our-story\/the-yet-to-come\/\">The Yet To Come&#8230;<\/a> <\/h2> <\/li> <\/ul>","_links":{"self":[{"href":"https:\/\/stephaneian.com\/fr\/wp-json\/wp\/v2\/pages\/222"}],"collection":[{"href":"https:\/\/stephaneian.com\/fr\/wp-json\/wp\/v2\/pages"}],"about":[{"href":"https:\/\/stephaneian.com\/fr\/wp-json\/wp\/v2\/types\/page"}],"author":[{"embeddable":true,"href":"https:\/\/stephaneian.com\/fr\/wp-json\/wp\/v2\/users\/1"}],"replies":[{"embeddable":true,"href":"https:\/\/stephaneian.com\/fr\/wp-json\/wp\/v2\/comments?post=222"}],"version-history":[{"count":20,"href":"https:\/\/stephaneian.com\/fr\/wp-json\/wp\/v2\/pages\/222\/revisions"}],"predecessor-version":[{"id":276,"href":"https:\/\/stephaneian.com\/fr\/wp-json\/wp\/v2\/pages\/222\/revisions\/276"}],"wp:attachment":[{"href":"https:\/\/stephaneian.com\/fr\/wp-json\/wp\/v2\/media?parent=222"}],"curies":[{"name":"wp","href":"https:\/\/api.w.org\/{rel}","templated":true}]}}