{"id":18,"date":"2023-01-01T20:57:52","date_gmt":"2023-01-01T20:57:52","guid":{"rendered":"https:\/\/stephaneian.com\/?page_id=18"},"modified":"2023-06-19T18:50:34","modified_gmt":"2023-06-19T18:50:34","slug":"stay","status":"publish","type":"page","link":"https:\/\/stephaneian.com\/fr\/stay\/","title":{"rendered":"O\u00f9 se loger"},"content":{"rendered":"<!--themify_builder_content-->\n<div id=\"themify_builder_content-18\" data-postid=\"18\" class=\"themify_builder_content themify_builder_content-18 themify_builder tf_clear\">\n    \t\t\t<!-- module_row -->\n\t<div  data-lazy=\"1\" class=\"module_row themify_builder_row tb_jqiq720 tb_first tf_w tf_clearfix\">\n\t    \t\t\t<div class=\"row_inner col_align_top tb_col_count_1 tf_box tf_rel\">\n\t\t            <div  data-lazy=\"1\" class=\"module_column tb-column col-full tb_sdt4721 first\">\n                                                        <div class=\"tb-column-inner tf_box tf_w\">\n                        <!-- module text -->\n<div  class=\"module module-text tb_gzjs16\" data-lazy=\"1\">\n        <div  class=\"tb_text_wrap\">\n    <p style=\"font-weight: 400;\">Nous sommes tellement heureux que vous soyez des n\u00f4tres pour cette journ\u00e9e bien sp\u00e9ciale!<\/p>\n<p style=\"font-weight: 400;\">Il est certain que plusieurs d\u2019entre vous auront besoin d\u2019un h\u00e9bergement pour la nuit. Nous avons obtenu des tarifs r\u00e9duits pour nos invit\u00e9s dans deux h\u00f4tels locaux, situ\u00e9s \u00e0 environ 10 minutes en voiture du lieu du mariage.<\/p>\n<p style=\"font-weight: 400;\">Ci-dessous, vous trouverez la mani\u00e8re de r\u00e9server une chambre dans l\u2019un ou l\u2019autre de ces \u00e9tablissements. Vous pouvez vous servir de notre rabais ou utiliser un site de r\u00e9servation de votre choix.<\/p>\n<p style=\"font-weight: 400;\">Il y a plusieurs autres options en ce qui concerne l\u2019h\u00e9bergement dans la r\u00e9gion, dont les h\u00f4tels de Kingston et de Belleville, les motels de Napanee, et les locations de vacances dans le comt\u00e9 de Lennox &amp; Addington ou dans le comt\u00e9 voisin de Prince Edward. On peut trouver ce type d\u2019h\u00e9bergement sur Airbnb et VRBO.<\/p>\n<p style=\"font-weight: 400;\">Notre mariage ayant lieu au cours d\u2019un long week-end, nous vous recommandons de r\u00e9server votre h\u00e9bergement aussit\u00f4t que vous le pourrez.<\/p>    <\/div>\n<\/div>\n<!-- \/module text -->                    <\/div>\n                            <\/div>\n            \t    <\/div>\n\t    <!-- \/row_inner -->\n\t<\/div>\n\t<!-- \/module_row -->\n\t\t\t\t<!-- module_row -->\n\t<div  data-lazy=\"1\" class=\"module_row themify_builder_row tb_f18z973 tf_w tf_clearfix\">\n\t    \t\t\t<div class=\"row_inner col_align_top tb_col_count_1 tf_box tf_rel\">\n\t\t            <div  data-lazy=\"1\" class=\"module_column tb-column col-full tb_hhje973 first\">\n                                                        <div class=\"tb-column-inner tf_box tf_w\">\n                        <!-- module divider -->\n<div  class=\"module tf_mw module-divider tb_ur3v973 solid\" style=\"border-width: 3px;border-color: #49654e;margin-top: 20px;\" data-lazy=\"1\">\n    <\/div>\n<!-- \/module divider -->\n                    <\/div>\n                            <\/div>\n            \t    <\/div>\n\t    <!-- \/row_inner -->\n\t<\/div>\n\t<!-- \/module_row -->\n\t\t\t\t<!-- module_row -->\n\t<div  data-lazy=\"1\" class=\"module_row themify_builder_row tb_n1uy567 tf_w tf_clearfix\">\n\t    \t\t\t<div class=\"row_inner col_align_top tb_col_count_2 tf_box tf_rel\">\n\t\t            <div  data-lazy=\"1\" class=\"module_column tb-column col4-2 tb_oyrq568 first\">\n                                                        <div class=\"tb-column-inner tf_box tf_w\">\n                        <!-- module image -->\n<div  class=\"module module-image tb_u2b1662   image-top tf_mw\" data-lazy=\"1\">\n        <div class=\"image-wrap tf_rel tf_mw\">\n\t\t    <img src=\"https:\/\/stephaneian.com\/wp-content\/uploads\/2023\/01\/hampton-inn-napanee-exterior.jpg\" class=\"wp-post-image wp-image-135\" title=\"hampton-inn-napanee-exterior\" alt=\"hampton-inn-napanee-exterior\" srcset=\"https:\/\/stephaneian.com\/wp-content\/uploads\/2023\/01\/hampton-inn-napanee-exterior.jpg 1470w, https:\/\/stephaneian.com\/wp-content\/uploads\/2023\/01\/hampton-inn-napanee-exterior-300x126.jpg 300w, https:\/\/stephaneian.com\/wp-content\/uploads\/2023\/01\/hampton-inn-napanee-exterior-1024x430.jpg 1024w, https:\/\/stephaneian.com\/wp-content\/uploads\/2023\/01\/hampton-inn-napanee-exterior-768x322.jpg 768w, https:\/\/stephaneian.com\/wp-content\/uploads\/2023\/01\/hampton-inn-napanee-exterior-18x8.jpg 18w\" sizes=\"(max-width: 1470px) 100vw, 1470px\" \/>\t\n\t\t<\/div>\n\t<!-- \/image-wrap -->\n    \n    \t<\/div>\n<!-- \/module image -->                    <\/div>\n                            <\/div>\n                        <div  data-lazy=\"1\" class=\"module_column tb-column col4-2 tb_a7n5805 last\">\n                                                        <div class=\"tb-column-inner tf_box tf_w\">\n                        <!-- module text -->\n<div  class=\"module module-text tb_0afa1\" data-lazy=\"1\">\n        <div  class=\"tb_text_wrap\">\n    <h2>Hampton Inn by Hilton<\/h2>\n<p>40 McPherson Dr, <br>Napanee, ON K7R 3L1, Canada<br><span aria-label=\"Call Phone Number +1 613-354-5554\">613-354-5554<\/span><\/p>\n<p><strong>209$ par soir<\/strong><\/p>\n<p>Des chambres sont r\u00e9serv\u00e9es pour notre groupe \u00e0 un tarif r\u00e9duit. \u00a0<span style=\"font-size: 1em;\">Appelez avant le 12 juillet pour r\u00e9server votre chambre en mentionnant le groupe\u00a0<\/span><span style=\"font-size: 1em;\">\"Par\u00e9-Watson Wedding\"<\/span><\/p>    <\/div>\n<\/div>\n<!-- \/module text --><!-- module buttons -->\n<div  class=\"module module-buttons tb_kbud374 buttons-horizontal solid  large rounded\" data-lazy=\"1\">\n    \t<div class=\"module-buttons-item tf_inline_b\">\n\t\t\t\t\t\t\t<a href=\"https:\/\/www.hilton.com\/en\/hotels\/ontnphx-hampton-napanee\/\" class=\"ui builder_button tb_default_color\" target=\"_blank\" rel=\"noopener\">\n\t\t\t\t\t\t\t\t\t\t\t<span class=\"tf_inline_b tf_vmiddle\">Site Internet<\/span>\n\t\t\t\t\t\t\t\t\t\t\t<\/a>\n\t\t\t    \t<\/div>\n    <\/div>\n<!-- \/module buttons -->\n                    <\/div>\n                            <\/div>\n            \t    <\/div>\n\t    <!-- \/row_inner -->\n\t<\/div>\n\t<!-- \/module_row -->\n\t\t\t\t<!-- module_row -->\n\t<div  data-lazy=\"1\" class=\"module_row themify_builder_row tb_23x9188 tf_w tf_clearfix\">\n\t    \t\t\t<div class=\"row_inner col_align_top tb_col_count_1 tf_box tf_rel\">\n\t\t            <div  data-lazy=\"1\" class=\"module_column tb-column col-full tb_ggmp188 first\">\n                                                        <div class=\"tb-column-inner tf_box tf_w\">\n                        <!-- module divider -->\n<div  class=\"module tf_mw module-divider tb_mwuz417 solid\" style=\"border-width: 3px;border-color: #49654e;margin-top: 20px;\" data-lazy=\"1\">\n    <\/div>\n<!-- \/module divider -->\n                    <\/div>\n                            <\/div>\n            \t    <\/div>\n\t    <!-- \/row_inner -->\n\t<\/div>\n\t<!-- \/module_row -->\n\t\t\t\t<!-- module_row -->\n\t<div  data-lazy=\"1\" class=\"module_row themify_builder_row tb_7y82426 tf_w tf_clearfix\">\n\t    \t\t\t<div class=\"row_inner col_align_top tb_col_count_2 tf_box tf_rel\">\n\t\t            <div  data-lazy=\"1\" class=\"module_column tb-column col4-2 tb_9efm426 first\">\n                                                        <div class=\"tb-column-inner tf_box tf_w\">\n                        <!-- module image -->\n<div  class=\"module module-image tb_d0tk426   image-top tf_mw\" data-lazy=\"1\">\n        <div class=\"image-wrap tf_rel tf_mw\">\n\t\t    <img src=\"https:\/\/stephaneian.com\/wp-content\/uploads\/2023\/01\/Comfort-Inn-Napanee-Exterior.jpeg\" class=\"wp-post-image wp-image-71\" title=\"Comfort-Inn-Napanee-Exterior\" alt=\"Comfort-Inn-Napanee-Exterior\" srcset=\"https:\/\/stephaneian.com\/wp-content\/uploads\/2023\/01\/Comfort-Inn-Napanee-Exterior.jpeg 592w, https:\/\/stephaneian.com\/wp-content\/uploads\/2023\/01\/Comfort-Inn-Napanee-Exterior-300x205.jpeg 300w, https:\/\/stephaneian.com\/wp-content\/uploads\/2023\/01\/Comfort-Inn-Napanee-Exterior-18x12.jpeg 18w, https:\/\/stephaneian.com\/wp-content\/uploads\/2023\/01\/Comfort-Inn-Napanee-Exterior-1172x800.jpeg 1172w\" sizes=\"(max-width: 592px) 100vw, 592px\" \/>\t\n\t\t<\/div>\n\t<!-- \/image-wrap -->\n    \n    \t<\/div>\n<!-- \/module image -->                    <\/div>\n                            <\/div>\n                        <div  data-lazy=\"1\" class=\"module_column tb-column col4-2 tb_ry73427 last\">\n                                                        <div class=\"tb-column-inner tf_box tf_w\">\n                        <!-- module text -->\n<div  class=\"module module-text tb_h4ek427\" data-lazy=\"1\">\n        <div  class=\"tb_text_wrap\">\n    <h2>Comfort Inn &amp; Suites<\/h2>\n<p>31 Community Rd, <br \/>Napanee, ON K7R 3L1, Canada<br \/><span aria-label=\"Call Phone Number +1 613-900-2100\">613-900-2100<\/span><\/p>\n<p><strong>10% de rabais<\/strong><\/p>\n<p>Rooms are available for guests on a first come first served basis. \u00a0Call to book a discounted room by using code &#8220;LWED&#8221;. \u00a0<\/p>\n<p>Or book online using the same code with the button below.<\/p>\n<p>Please note, you can stay longer, but the discounted rate only applies to the Saturday night.<\/p>    <\/div>\n<\/div>\n<!-- \/module text --><!-- module buttons -->\n<div  class=\"module module-buttons tb_2j4c387 buttons-horizontal solid  large rounded\" data-lazy=\"1\">\n    \t<div class=\"module-buttons-item tf_inline_b\">\n\t\t\t\t\t\t\t<a href=\"http:\/\/www.choicehotels.com\/CNA94?srp=LWED\" class=\"ui builder_button tb_default_color\" target=\"_blank\" rel=\"noopener\">\n\t\t\t\t\t\t\t\t\t\t\t<span class=\"tf_inline_b tf_vmiddle\">Book Online<\/span>\n\t\t\t\t\t\t\t\t\t\t\t<\/a>\n\t\t\t    \t<\/div>\n    <\/div>\n<!-- \/module buttons -->\n                    <\/div>\n                            <\/div>\n            \t    <\/div>\n\t    <!-- \/row_inner -->\n\t<\/div>\n\t<!-- \/module_row -->\n\t\t\t\t<!-- module_row -->\n\t<div  data-lazy=\"1\" class=\"module_row themify_builder_row tb_khu4414 tf_w tf_clearfix\">\n\t    \t\t\t<div class=\"row_inner col_align_top tb_col_count_1 tf_box tf_rel\">\n\t\t            <div  data-lazy=\"1\" class=\"module_column tb-column col-full tb_uno7415 first\">\n                                                        <div class=\"tb-column-inner tf_box tf_w\">\n                        <!-- module divider -->\n<div  class=\"module tf_mw module-divider tb_y8qs415 solid\" style=\"border-width: 3px;border-color: #49654e;margin-top: 20px;\" data-lazy=\"1\">\n    <\/div>\n<!-- \/module divider -->\n                    <\/div>\n                            <\/div>\n            \t    <\/div>\n\t    <!-- \/row_inner -->\n\t<\/div>\n\t<!-- \/module_row -->\n\t\t\t\t<!-- module_row -->\n\t<div  data-lazy=\"1\" class=\"module_row themify_builder_row tb_g3uy250 tf_w tf_clearfix\">\n\t    \t\t\t<div class=\"row_inner col_align_top tb_col_count_2 tf_box tf_rel\">\n\t\t            <div  data-lazy=\"1\" class=\"module_column tb-column col4-2 tb_i85k251 first\">\n                                                        <div class=\"tb-column-inner tf_box tf_w\">\n                        <!-- module image -->\n<div  class=\"module module-image tb_00wz251   image-top tf_mw\" data-lazy=\"1\">\n        <div class=\"image-wrap tf_rel tf_mw\">\n\t\t    <img src=\"https:\/\/stephaneian.com\/wp-content\/uploads\/2023\/06\/Mastersons-Motel.jpeg\" class=\"wp-post-image wp-image-429\" title=\"Mastersons Motel\" alt=\"Mastersons Motel\" srcset=\"https:\/\/stephaneian.com\/wp-content\/uploads\/2023\/06\/Mastersons-Motel.jpeg 1024w, https:\/\/stephaneian.com\/wp-content\/uploads\/2023\/06\/Mastersons-Motel-300x185.jpeg 300w, https:\/\/stephaneian.com\/wp-content\/uploads\/2023\/06\/Mastersons-Motel-768x475.jpeg 768w, https:\/\/stephaneian.com\/wp-content\/uploads\/2023\/06\/Mastersons-Motel-18x12.jpeg 18w\" sizes=\"(max-width: 1024px) 100vw, 1024px\" \/>\t\n\t\t<\/div>\n\t<!-- \/image-wrap -->\n    \n    \t<\/div>\n<!-- \/module image -->                    <\/div>\n                            <\/div>\n                        <div  data-lazy=\"1\" class=\"module_column tb-column col4-2 tb_ksmt251 last\">\n                                                        <div class=\"tb-column-inner tf_box tf_w\">\n                        <!-- module text -->\n<div  class=\"module module-text tb_ojlc251\" data-lazy=\"1\">\n        <div  class=\"tb_text_wrap\">\n    <h2>Mastersons Motel<\/h2>\n<p>691 Lennox and Addington County Rd 41, <br \/>Napanee, ON K7R 3L2, Canada<br \/>613-354-9392<\/p>    <\/div>\n<\/div>\n<!-- \/module text --><!-- module buttons -->\n<div  class=\"module module-buttons tb_rgxy97 buttons-horizontal solid  large rounded\" data-lazy=\"1\">\n    \t<div class=\"module-buttons-item tf_inline_b\">\n\t\t\t\t\t\t\t<a href=\"http:\/\/mastersonsmotel.ca\" class=\"ui builder_button tb_default_color\" target=\"_blank\" rel=\"noopener\">\n\t\t\t\t\t\t\t\t\t\t\t<span class=\"tf_inline_b tf_vmiddle\">Site Internet<\/span>\n\t\t\t\t\t\t\t\t\t\t\t<\/a>\n\t\t\t    \t<\/div>\n    <\/div>\n<!-- \/module buttons -->\n                    <\/div>\n                            <\/div>\n            \t    <\/div>\n\t    <!-- \/row_inner -->\n\t<\/div>\n\t<!-- \/module_row -->\n\t\t\t\t<!-- module_row -->\n\t<div  data-lazy=\"1\" class=\"module_row themify_builder_row tb_1xve463 tf_w tf_clearfix\">\n\t    \t\t\t<div class=\"row_inner col_align_top tb_col_count_1 tf_box tf_rel\">\n\t\t            <div  data-lazy=\"1\" class=\"module_column tb-column col-full tb_cq5k463 first\">\n                                                        <div class=\"tb-column-inner tf_box tf_w\">\n                        <!-- module divider -->\n<div  class=\"module tf_mw module-divider tb_zm1y463 solid\" style=\"border-width: 3px;border-color: #49654e;margin-top: 20px;\" data-lazy=\"1\">\n    <\/div>\n<!-- \/module divider -->\n                    <\/div>\n                            <\/div>\n            \t    <\/div>\n\t    <!-- \/row_inner -->\n\t<\/div>\n\t<!-- \/module_row -->\n\t\t\t\t<!-- module_row -->\n\t<div  data-lazy=\"1\" class=\"module_row themify_builder_row tb_vwwh668 tf_w tf_clearfix\">\n\t    \t\t\t<div class=\"row_inner col_align_top tb_col_count_2 tf_box tf_rel\">\n\t\t            <div  data-lazy=\"1\" class=\"module_column tb-column col4-2 tb_ctq3669 first\">\n                                                        <div class=\"tb-column-inner tf_box tf_w\">\n                        <!-- module image -->\n<div  class=\"module module-image tb_ihzr669   image-top tf_mw\" data-lazy=\"1\">\n        <div class=\"image-wrap tf_rel tf_mw\">\n\t\t    <img src=\"https:\/\/stephaneian.com\/wp-content\/uploads\/2023\/06\/Royal-Inn.jpeg\" class=\"wp-post-image wp-image-437\" title=\"Royal Inn\" alt=\"Royal Inn\" srcset=\"https:\/\/stephaneian.com\/wp-content\/uploads\/2023\/06\/Royal-Inn.jpeg 700w, https:\/\/stephaneian.com\/wp-content\/uploads\/2023\/06\/Royal-Inn-300x151.jpeg 300w, https:\/\/stephaneian.com\/wp-content\/uploads\/2023\/06\/Royal-Inn-18x9.jpeg 18w\" sizes=\"(max-width: 700px) 100vw, 700px\" \/>\t\n\t\t<\/div>\n\t<!-- \/image-wrap -->\n    \n    \t<\/div>\n<!-- \/module image -->                    <\/div>\n                            <\/div>\n                        <div  data-lazy=\"1\" class=\"module_column tb-column col4-2 tb_b953669 last\">\n                                                        <div class=\"tb-column-inner tf_box tf_w\">\n                        <!-- module text -->\n<div  class=\"module module-text tb_aoqp669\" data-lazy=\"1\">\n        <div  class=\"tb_text_wrap\">\n    <h2>Royal Napanee Inn<\/h2>\n<p>647 Lennox and Addington County Rd 41, <br \/>Napanee, ON K7R 3L1, Canada<br \/>613-354-3334<\/p>    <\/div>\n<\/div>\n<!-- \/module text --><!-- module buttons -->\n<div  class=\"module module-buttons tb_n6af670 buttons-horizontal solid  large rounded\" data-lazy=\"1\">\n    \t<div class=\"module-buttons-item tf_inline_b\">\n\t\t\t\t\t\t\t<a href=\"http:\/\/www.royalnapaneeinn.com\" class=\"ui builder_button tb_default_color\" target=\"_blank\" rel=\"noopener\">\n\t\t\t\t\t\t\t\t\t\t\t<span class=\"tf_inline_b tf_vmiddle\">Site Internet<\/span>\n\t\t\t\t\t\t\t\t\t\t\t<\/a>\n\t\t\t    \t<\/div>\n    <\/div>\n<!-- \/module buttons -->\n                    <\/div>\n                            <\/div>\n            \t    <\/div>\n\t    <!-- \/row_inner -->\n\t<\/div>\n\t<!-- \/module_row -->\n\t\t\t\t<!-- module_row -->\n\t<div  data-lazy=\"1\" class=\"module_row themify_builder_row tb_c0rf695 tf_w tf_clearfix\">\n\t    \t\t\t<div class=\"row_inner col_align_top tb_col_count_1 tf_box tf_rel\">\n\t\t            <div  data-lazy=\"1\" class=\"module_column tb-column col-full tb_vq2p695 first\">\n                                                        <div class=\"tb-column-inner tf_box tf_w\">\n                        <!-- module divider -->\n<div  class=\"module tf_mw module-divider tb_x3q7696 solid\" style=\"border-width: 3px;border-color: #253528;margin-top: 10px;\" data-lazy=\"1\">\n    <\/div>\n<!-- \/module divider -->\n                    <\/div>\n                            <\/div>\n            \t    <\/div>\n\t    <!-- \/row_inner -->\n\t<\/div>\n\t<!-- \/module_row -->\n\t<\/div>\n<!--\/themify_builder_content-->\n\n\n<p><\/p>","protected":false},"excerpt":{"rendered":"","protected":false},"author":1,"featured_media":0,"parent":0,"menu_order":0,"comment_status":"closed","ping_status":"closed","template":"","meta":[],"builder_content":"<p style=\"font-weight: 400;\">We\u2019re so excited you\u2019re wanting to join us on our special day!<\/p> <p style=\"font-weight: 400;\">We understand that for many of you, this will mean you\u2019ll need a play to stay for the night. We have made arrangements for discounted rooms for our guests, at two local hotels, which are approximately a 10-minute drive away from the wedding site.<\/p> <p style=\"font-weight: 400;\">Booking information can be found below for both properties. Feel free to book a room at these hotels using our pre-arranged discount or by using your favourite travel website.<\/p> <p style=\"font-weight: 400;\">There are many other options for accommodations in the area, including hotels in Kingston and Belleville, motels in Napanee, and vacation rentals in Lennox &amp; Addington County and nearby Prince Edward County. Vacation rentals can be found on both Airbnb and VRBO.<\/p> <p style=\"font-weight: 400;\">Because our wedding is happening on a long weekend popular for travel, we recommend arranging your accommodations at your earliest convenience.<\/p>\n\n<img src=\"https:\/\/stephaneian.com\/wp-content\/uploads\/2023\/01\/hampton-inn-napanee-exterior.jpg\" title=\"hampton-inn-napanee-exterior\" alt=\"hampton-inn-napanee-exterior\" srcset=\"https:\/\/stephaneian.com\/wp-content\/uploads\/2023\/01\/hampton-inn-napanee-exterior.jpg 1470w, https:\/\/stephaneian.com\/wp-content\/uploads\/2023\/01\/hampton-inn-napanee-exterior-300x126.jpg 300w, https:\/\/stephaneian.com\/wp-content\/uploads\/2023\/01\/hampton-inn-napanee-exterior-1024x430.jpg 1024w, https:\/\/stephaneian.com\/wp-content\/uploads\/2023\/01\/hampton-inn-napanee-exterior-768x322.jpg 768w, https:\/\/stephaneian.com\/wp-content\/uploads\/2023\/01\/hampton-inn-napanee-exterior-18x8.jpg 18w\" sizes=\"(max-width: 1470px) 100vw, 1470px\" \/>\n<h2>Hampton Inn by Hilton<\/h2> <p>40 McPherson Dr, <br>Napanee, ON K7R 3L1, Canada<br>613-354-5554<\/p> <p><strong>$209 \/ night<\/strong><\/p> <p>A reserved room block is available for guests at a discounted rate. \u00a0Call \u00a0before July 12 to book a room and mention the\u00a0\"Par\u00e9-Watson Wedding\" party.<\/p>\n<a href=\"https:\/\/www.hilton.com\/en\/hotels\/ontnphx-hampton-napanee\/\" target=\"_blank\" rel=\"noopener\"> Website <\/a>\n\n<img src=\"https:\/\/stephaneian.com\/wp-content\/uploads\/2023\/01\/Comfort-Inn-Napanee-Exterior.jpeg\" title=\"Comfort-Inn-Napanee-Exterior\" alt=\"Comfort-Inn-Napanee-Exterior\" srcset=\"https:\/\/stephaneian.com\/wp-content\/uploads\/2023\/01\/Comfort-Inn-Napanee-Exterior.jpeg 592w, https:\/\/stephaneian.com\/wp-content\/uploads\/2023\/01\/Comfort-Inn-Napanee-Exterior-300x205.jpeg 300w, https:\/\/stephaneian.com\/wp-content\/uploads\/2023\/01\/Comfort-Inn-Napanee-Exterior-18x12.jpeg 18w, https:\/\/stephaneian.com\/wp-content\/uploads\/2023\/01\/Comfort-Inn-Napanee-Exterior-1172x800.jpeg 1172w\" sizes=\"(max-width: 592px) 100vw, 592px\" \/>\n<h2>Comfort Inn &amp; Suites<\/h2> <p>31 Community Rd, <br \/>Napanee, ON K7R 3L1, Canada<br \/>613-900-2100<\/p> <p><strong>10% off<\/strong><\/p> <p>Rooms are available for guests on a first come first served basis. \u00a0Call to book a discounted room by using code \"LWED\". \u00a0<\/p> <p>Or book online using the same code with the button below.<\/p> <p>Please note, you can stay longer, but the discounted rate only applies to the Saturday night.<\/p>\n<a href=\"http:\/\/www.choicehotels.com\/CNA94?srp=LWED\" target=\"_blank\" rel=\"noopener\"> Book Online <\/a>\n\n<img src=\"https:\/\/stephaneian.com\/wp-content\/uploads\/2023\/06\/Mastersons-Motel.jpeg\" title=\"Mastersons Motel\" alt=\"Mastersons Motel\" srcset=\"https:\/\/stephaneian.com\/wp-content\/uploads\/2023\/06\/Mastersons-Motel.jpeg 1024w, https:\/\/stephaneian.com\/wp-content\/uploads\/2023\/06\/Mastersons-Motel-300x185.jpeg 300w, https:\/\/stephaneian.com\/wp-content\/uploads\/2023\/06\/Mastersons-Motel-768x475.jpeg 768w, https:\/\/stephaneian.com\/wp-content\/uploads\/2023\/06\/Mastersons-Motel-18x12.jpeg 18w\" sizes=\"(max-width: 1024px) 100vw, 1024px\" \/>\n<h2>Mastersons Motel<\/h2> <p>691 Lennox and Addington County Rd 41, <br \/>Napanee, ON K7R 3L2, Canada<br \/>613-354-9392<\/p>\n<a href=\"http:\/\/mastersonsmotel.ca\" target=\"_blank\" rel=\"noopener\"> Website <\/a>\n\n<img src=\"https:\/\/stephaneian.com\/wp-content\/uploads\/2023\/06\/Royal-Inn.jpeg\" title=\"Royal Inn\" alt=\"Royal Inn\" srcset=\"https:\/\/stephaneian.com\/wp-content\/uploads\/2023\/06\/Royal-Inn.jpeg 700w, https:\/\/stephaneian.com\/wp-content\/uploads\/2023\/06\/Royal-Inn-300x151.jpeg 300w, https:\/\/stephaneian.com\/wp-content\/uploads\/2023\/06\/Royal-Inn-18x9.jpeg 18w\" sizes=\"(max-width: 700px) 100vw, 700px\" \/>\n<h2>Royal Napanee Inn<\/h2> <p>647 Lennox and Addington County Rd 41, <br \/>Napanee, ON K7R 3L1, Canada<br \/>613-354-3334<\/p>\n<a href=\"http:\/\/www.royalnapaneeinn.com\" target=\"_blank\" rel=\"noopener\"> Website <\/a>\n","_links":{"self":[{"href":"https:\/\/stephaneian.com\/fr\/wp-json\/wp\/v2\/pages\/18"}],"collection":[{"href":"https:\/\/stephaneian.com\/fr\/wp-json\/wp\/v2\/pages"}],"about":[{"href":"https:\/\/stephaneian.com\/fr\/wp-json\/wp\/v2\/types\/page"}],"author":[{"embeddable":true,"href":"https:\/\/stephaneian.com\/fr\/wp-json\/wp\/v2\/users\/1"}],"replies":[{"embeddable":true,"href":"https:\/\/stephaneian.com\/fr\/wp-json\/wp\/v2\/comments?post=18"}],"version-history":[{"count":35,"href":"https:\/\/stephaneian.com\/fr\/wp-json\/wp\/v2\/pages\/18\/revisions"}],"predecessor-version":[{"id":507,"href":"https:\/\/stephaneian.com\/fr\/wp-json\/wp\/v2\/pages\/18\/revisions\/507"}],"wp:attachment":[{"href":"https:\/\/stephaneian.com\/fr\/wp-json\/wp\/v2\/media?parent=18"}],"curies":[{"name":"wp","href":"https:\/\/api.w.org\/{rel}","templated":true}]}}